{"id":205,"date":"2024-11-05T15:17:50","date_gmt":"2024-11-05T14:17:50","guid":{"rendered":"https:\/\/cookinette.net\/?page_id=205"},"modified":"2025-01-27T15:59:03","modified_gmt":"2025-01-27T14:59:03","slug":"nos-patisseries","status":"publish","type":"page","link":"https:\/\/cookinette.net\/?page_id=205","title":{"rendered":""},"content":{"rendered":"\t\t<div data-elementor-type=\"wp-page\" data-elementor-id=\"205\" class=\"elementor elementor-205\">\n\t\t\t\t<div class=\"elementor-element elementor-element-3cb2a93 e-flex e-con-boxed e-con e-parent\" data-id=\"3cb2a93\" data-element_type=\"container\">\n\t\t\t\t\t<div class=\"e-con-inner\">\n\t\t\t\t<div class=\"elementor-element elementor-element-d937d0f elementor-widget elementor-widget-heading\" data-id=\"d937d0f\" data-element_type=\"widget\" data-widget_type=\"heading.default\">\n\t\t\t\t<div class=\"elementor-widget-container\">\n\t\t\t\t\t<h1 class=\"elementor-heading-title elementor-size-default\">Nos p\u00e2tisseries<\/h1>\t\t\t\t<\/div>\n\t\t\t\t<\/div>\n\t\t\t\t\t<\/div>\n\t\t\t\t<\/div>\n\t\t<div class=\"elementor-element elementor-element-1af9c7af e-flex e-con-boxed e-con e-parent\" data-id=\"1af9c7af\" data-element_type=\"container\">\n\t\t\t\t\t<div class=\"e-con-inner\">\n\t\t\t\t<div class=\"elementor-element elementor-element-c3544c1 elementor-widget elementor-widget-text-editor\" data-id=\"c3544c1\" data-element_type=\"widget\" data-widget_type=\"text-editor.default\">\n\t\t\t\t<div class=\"elementor-widget-container\">\n\t\t\t\t\t\t\t\t\t<p>Nos p\u00e2tisseries sont faites sur mesure avec des produits de qualit\u00e9 et de saison.\u00a0<\/p>\n<p>Nous r\u00e9alisons la p\u00e2tisserie de votre choix en respectant vos besoins :\u00a0<span style=\"font-family: var( --e-global-typography-text-font-family ), Sans-serif; font-weight: var( --e-global-typography-text-font-weight ); font-size: 1rem;\">brownie, financier, madeleine, fondant au chocolat, banana bread, cakes au citron ou orange.<\/span><\/p>\t\t\t\t\t\t\t\t<\/div>\n\t\t\t\t<\/div>\n\t\t\t\t<div class=\"elementor-element elementor-element-ae9600a elementor-align-center elementor-widget elementor-widget-button\" data-id=\"ae9600a\" data-element_type=\"widget\" data-widget_type=\"button.default\">\n\t\t\t\t<div class=\"elementor-widget-container\">\n\t\t\t\t\t\t\t\t\t<div class=\"elementor-button-wrapper\">\n\t\t\t\t\t<a class=\"elementor-button elementor-button-link elementor-size-sm\" href=\"https:\/\/cookinette.net\/?page_id=10\">\n\t\t\t\t\t\t<span class=\"elementor-button-content-wrapper\">\n\t\t\t\t\t\t\t\t\t<span class=\"elementor-button-text\">Demander votre p\u00e2tisserie<\/span>\n\t\t\t\t\t<\/span>\n\t\t\t\t\t<\/a>\n\t\t\t\t<\/div>\n\t\t\t\t\t\t\t\t<\/div>\n\t\t\t\t<\/div>\n\t\t\t\t\t<\/div>\n\t\t\t\t<\/div>\n\t\t<div class=\"elementor-element elementor-element-06e8079 e-flex e-con-boxed e-con e-parent\" data-id=\"06e8079\" data-element_type=\"container\">\n\t\t\t\t\t<div class=\"e-con-inner\">\n\t\t\t\t<div class=\"elementor-element elementor-element-b86061b elementor-widget elementor-widget-spacer\" data-id=\"b86061b\" data-element_type=\"widget\" data-widget_type=\"spacer.default\">\n\t\t\t\t<div class=\"elementor-widget-container\">\n\t\t\t\t\t\t\t<div class=\"elementor-spacer\">\n\t\t\t<div class=\"elementor-spacer-inner\"><\/div>\n\t\t<\/div>\n\t\t\t\t\t\t<\/div>\n\t\t\t\t<\/div>\n\t\t\t\t\t<\/div>\n\t\t\t\t<\/div>\n\t\t\t\t<\/div>\n\t\t","protected":false},"excerpt":{"rendered":"<p>Nos p\u00e2tisseries Nos p\u00e2tisseries sont faites sur mesure avec des produits de qualit\u00e9 et de saison.\u00a0 Nous r\u00e9alisons la p\u00e2tisserie de votre choix en respectant vos besoins :\u00a0brownie, financier, madeleine, fondant au chocolat, banana bread, cakes au citron ou orange. Demander votre p\u00e2tisserie<\/p>\n","protected":false},"author":1,"featured_media":0,"parent":0,"menu_order":0,"comment_status":"closed","ping_status":"closed","template":"","meta":{"footnotes":""},"class_list":["post-205","page","type-page","status-publish","hentry"],"yoast_head":"<!-- This site is optimized with the Yoast SEO plugin v24.0 - https:\/\/yoast.com\/wordpress\/plugins\/seo\/ -->\n<title>- Cookinette<\/title>\n<meta name=\"robots\" content=\"index, follow, max-snippet:-1, max-image-preview:large, max-video-preview:-1\" \/>\n<link rel=\"canonical\" href=\"https:\/\/cookinette.net\/?page_id=205\" \/>\n<meta property=\"og:locale\" content=\"en_US\" \/>\n<meta property=\"og:type\" content=\"article\" \/>\n<meta property=\"og:title\" content=\"- Cookinette\" \/>\n<meta property=\"og:description\" content=\"Nos p\u00e2tisseries Nos p\u00e2tisseries sont faites sur mesure avec des produits de qualit\u00e9 et de saison.\u00a0 Nous r\u00e9alisons la p\u00e2tisserie de votre choix en respectant vos besoins :\u00a0brownie, financier, madeleine, fondant au chocolat, banana bread, cakes au citron ou orange. Demander votre p\u00e2tisserie\" \/>\n<meta property=\"og:url\" content=\"https:\/\/cookinette.net\/?page_id=205\" \/>\n<meta property=\"og:site_name\" content=\"Cookinette\" \/>\n<meta property=\"article:modified_time\" content=\"2025-01-27T14:59:03+00:00\" \/>\n<meta name=\"twitter:card\" content=\"summary_large_image\" \/>\n<meta name=\"twitter:label1\" content=\"Est. reading time\" \/>\n\t<meta name=\"twitter:data1\" content=\"1 minute\" \/>\n<script type=\"application\/ld+json\" class=\"yoast-schema-graph\">{\"@context\":\"https:\/\/schema.org\",\"@graph\":[{\"@type\":\"WebPage\",\"@id\":\"https:\/\/cookinette.net\/?page_id=205\",\"url\":\"https:\/\/cookinette.net\/?page_id=205\",\"name\":\"- Cookinette\",\"isPartOf\":{\"@id\":\"https:\/\/cookinette.net\/#website\"},\"datePublished\":\"2024-11-05T14:17:50+00:00\",\"dateModified\":\"2025-01-27T14:59:03+00:00\",\"inLanguage\":\"en-US\",\"potentialAction\":[{\"@type\":\"ReadAction\",\"target\":[\"https:\/\/cookinette.net\/?page_id=205\"]}]},{\"@type\":\"WebSite\",\"@id\":\"https:\/\/cookinette.net\/#website\",\"url\":\"https:\/\/cookinette.net\/\",\"name\":\"Cookinette\",\"description\":\"P\u00e2tisseries sur mesure\",\"publisher\":{\"@id\":\"https:\/\/cookinette.net\/#organization\"},\"potentialAction\":[{\"@type\":\"SearchAction\",\"target\":{\"@type\":\"EntryPoint\",\"urlTemplate\":\"https:\/\/cookinette.net\/?s={search_term_string}\"},\"query-input\":{\"@type\":\"PropertyValueSpecification\",\"valueRequired\":true,\"valueName\":\"search_term_string\"}}],\"inLanguage\":\"en-US\"},{\"@type\":\"Organization\",\"@id\":\"https:\/\/cookinette.net\/#organization\",\"name\":\"Cookinette\",\"url\":\"https:\/\/cookinette.net\/\",\"logo\":{\"@type\":\"ImageObject\",\"inLanguage\":\"en-US\",\"@id\":\"https:\/\/cookinette.net\/#\/schema\/logo\/image\/\",\"url\":\"https:\/\/cookinette.net\/wp-content\/uploads\/2024\/11\/Logo-cookinette-final.png\",\"contentUrl\":\"https:\/\/cookinette.net\/wp-content\/uploads\/2024\/11\/Logo-cookinette-final.png\",\"width\":142,\"height\":142,\"caption\":\"Cookinette\"},\"image\":{\"@id\":\"https:\/\/cookinette.net\/#\/schema\/logo\/image\/\"},\"sameAs\":[\"https:\/\/www.instagram.com\/_cookinette_\/\"]}]}<\/script>\n<!-- \/ Yoast SEO plugin. -->","yoast_head_json":{"title":"- Cookinette","robots":{"index":"index","follow":"follow","max-snippet":"max-snippet:-1","max-image-preview":"max-image-preview:large","max-video-preview":"max-video-preview:-1"},"canonical":"https:\/\/cookinette.net\/?page_id=205","og_locale":"en_US","og_type":"article","og_title":"- Cookinette","og_description":"Nos p\u00e2tisseries Nos p\u00e2tisseries sont faites sur mesure avec des produits de qualit\u00e9 et de saison.\u00a0 Nous r\u00e9alisons la p\u00e2tisserie de votre choix en respectant vos besoins :\u00a0brownie, financier, madeleine, fondant au chocolat, banana bread, cakes au citron ou orange. Demander votre p\u00e2tisserie","og_url":"https:\/\/cookinette.net\/?page_id=205","og_site_name":"Cookinette","article_modified_time":"2025-01-27T14:59:03+00:00","twitter_card":"summary_large_image","twitter_misc":{"Est. reading time":"1 minute"},"schema":{"@context":"https:\/\/schema.org","@graph":[{"@type":"WebPage","@id":"https:\/\/cookinette.net\/?page_id=205","url":"https:\/\/cookinette.net\/?page_id=205","name":"- Cookinette","isPartOf":{"@id":"https:\/\/cookinette.net\/#website"},"datePublished":"2024-11-05T14:17:50+00:00","dateModified":"2025-01-27T14:59:03+00:00","inLanguage":"en-US","potentialAction":[{"@type":"ReadAction","target":["https:\/\/cookinette.net\/?page_id=205"]}]},{"@type":"WebSite","@id":"https:\/\/cookinette.net\/#website","url":"https:\/\/cookinette.net\/","name":"Cookinette","description":"P\u00e2tisseries sur mesure","publisher":{"@id":"https:\/\/cookinette.net\/#organization"},"potentialAction":[{"@type":"SearchAction","target":{"@type":"EntryPoint","urlTemplate":"https:\/\/cookinette.net\/?s={search_term_string}"},"query-input":{"@type":"PropertyValueSpecification","valueRequired":true,"valueName":"search_term_string"}}],"inLanguage":"en-US"},{"@type":"Organization","@id":"https:\/\/cookinette.net\/#organization","name":"Cookinette","url":"https:\/\/cookinette.net\/","logo":{"@type":"ImageObject","inLanguage":"en-US","@id":"https:\/\/cookinette.net\/#\/schema\/logo\/image\/","url":"https:\/\/cookinette.net\/wp-content\/uploads\/2024\/11\/Logo-cookinette-final.png","contentUrl":"https:\/\/cookinette.net\/wp-content\/uploads\/2024\/11\/Logo-cookinette-final.png","width":142,"height":142,"caption":"Cookinette"},"image":{"@id":"https:\/\/cookinette.net\/#\/schema\/logo\/image\/"},"sameAs":["https:\/\/www.instagram.com\/_cookinette_\/"]}]}},"_links":{"self":[{"href":"https:\/\/cookinette.net\/index.php?rest_route=\/wp\/v2\/pages\/205","targetHints":{"allow":["GET"]}}],"collection":[{"href":"https:\/\/cookinette.net\/index.php?rest_route=\/wp\/v2\/pages"}],"about":[{"href":"https:\/\/cookinette.net\/index.php?rest_route=\/wp\/v2\/types\/page"}],"author":[{"embeddable":true,"href":"https:\/\/cookinette.net\/index.php?rest_route=\/wp\/v2\/users\/1"}],"replies":[{"embeddable":true,"href":"https:\/\/cookinette.net\/index.php?rest_route=%2Fwp%2Fv2%2Fcomments&post=205"}],"version-history":[{"count":32,"href":"https:\/\/cookinette.net\/index.php?rest_route=\/wp\/v2\/pages\/205\/revisions"}],"predecessor-version":[{"id":581,"href":"https:\/\/cookinette.net\/index.php?rest_route=\/wp\/v2\/pages\/205\/revisions\/581"}],"wp:attachment":[{"href":"https:\/\/cookinette.net\/index.php?rest_route=%2Fwp%2Fv2%2Fmedia&parent=205"}],"curies":[{"name":"wp","href":"https:\/\/api.w.org\/{rel}","templated":true}]}}