{"id":209,"date":"2024-11-05T15:22:22","date_gmt":"2024-11-05T14:22:22","guid":{"rendered":"https:\/\/cookinette.net\/?page_id=209"},"modified":"2025-02-14T15:27:38","modified_gmt":"2025-02-14T14:27:38","slug":"nos-coffrets-mignardises","status":"publish","type":"page","link":"https:\/\/cookinette.net\/?page_id=209","title":{"rendered":""},"content":{"rendered":"\t\t<div data-elementor-type=\"wp-page\" data-elementor-id=\"209\" class=\"elementor elementor-209\">\n\t\t\t\t<div class=\"elementor-element elementor-element-7c07cc6 e-con-full e-flex e-con e-parent\" data-id=\"7c07cc6\" data-element_type=\"container\">\n\t\t\t\t<div class=\"elementor-element elementor-element-73b274d elementor-widget elementor-widget-heading\" data-id=\"73b274d\" data-element_type=\"widget\" data-widget_type=\"heading.default\">\n\t\t\t\t<div class=\"elementor-widget-container\">\n\t\t\t\t\t<h1 class=\"elementor-heading-title elementor-size-default\">Nos coffrets de mignardises sucr\u00e9s<\/h1>\t\t\t\t<\/div>\n\t\t\t\t<\/div>\n\t\t\t\t<div class=\"elementor-element elementor-element-9c372ab elementor-widget elementor-widget-text-editor\" data-id=\"9c372ab\" data-element_type=\"widget\" data-widget_type=\"text-editor.default\">\n\t\t\t\t<div class=\"elementor-widget-container\">\n\t\t\t\t\t\t\t\t\t<p>Composez votre coffret en choisissant les mignardises qui vous font plaisir.&nbsp;<br>Nos coffrets sucr\u00e9s sont pr\u00e9vus pour 8 \u00e0 10 personnes.<\/p>\t\t\t\t\t\t\t\t<\/div>\n\t\t\t\t<\/div>\n\t\t\t\t<div class=\"elementor-element elementor-element-af9ac33 elementor-widget elementor-widget-spacer\" data-id=\"af9ac33\" data-element_type=\"widget\" data-widget_type=\"spacer.default\">\n\t\t\t\t<div class=\"elementor-widget-container\">\n\t\t\t\t\t\t\t<div class=\"elementor-spacer\">\n\t\t\t<div class=\"elementor-spacer-inner\"><\/div>\n\t\t<\/div>\n\t\t\t\t\t\t<\/div>\n\t\t\t\t<\/div>\n\t\t\t\t<\/div>\n\t\t<div class=\"elementor-element elementor-element-d26a03a e-flex e-con-boxed e-con e-parent\" data-id=\"d26a03a\" data-element_type=\"container\">\n\t\t\t\t\t<div class=\"e-con-inner\">\n\t\t\t\t<div class=\"elementor-element elementor-element-0fa1797 elementor-widget elementor-widget-heading\" data-id=\"0fa1797\" data-element_type=\"widget\" data-widget_type=\"heading.default\">\n\t\t\t\t<div class=\"elementor-widget-container\">\n\t\t\t\t\t<h2 class=\"elementor-heading-title elementor-size-default\">Coffrets sucr\u00e9s<\/h2>\t\t\t\t<\/div>\n\t\t\t\t<\/div>\n\t\t\t\t\t<\/div>\n\t\t\t\t<\/div>\n\t\t<div class=\"elementor-element elementor-element-8e38861 e-flex e-con-boxed e-con e-parent\" data-id=\"8e38861\" data-element_type=\"container\">\n\t\t\t\t\t<div class=\"e-con-inner\">\n\t\t<div class=\"elementor-element elementor-element-da62262 e-con-full e-flex e-con e-child\" data-id=\"da62262\" data-element_type=\"container\">\n\t\t\t\t<div class=\"elementor-element elementor-element-76af615 elementor-widget elementor-widget-image\" data-id=\"76af615\" data-element_type=\"widget\" data-widget_type=\"image.default\">\n\t\t\t\t<div class=\"elementor-widget-container\">\n\t\t\t\t\t\t\t\t\t\t\t\t\t\t\t<img fetchpriority=\"high\" decoding=\"async\" width=\"740\" height=\"555\" src=\"https:\/\/cookinette.net\/wp-content\/uploads\/2025\/01\/Coffret-sucre-1024x768.jpeg\" class=\"attachment-large size-large wp-image-492\" alt=\"\" srcset=\"https:\/\/cookinette.net\/wp-content\/uploads\/2025\/01\/Coffret-sucre-1024x768.jpeg 1024w, https:\/\/cookinette.net\/wp-content\/uploads\/2025\/01\/Coffret-sucre-300x225.jpeg 300w, https:\/\/cookinette.net\/wp-content\/uploads\/2025\/01\/Coffret-sucre-768x576.jpeg 768w, https:\/\/cookinette.net\/wp-content\/uploads\/2025\/01\/Coffret-sucre-1536x1152.jpeg 1536w, https:\/\/cookinette.net\/wp-content\/uploads\/2025\/01\/Coffret-sucre-2048x1536.jpeg 2048w\" sizes=\"100vw\" \/>\t\t\t\t\t\t\t\t\t\t\t\t\t\t\t<\/div>\n\t\t\t\t<\/div>\n\t\t\t\t<div class=\"elementor-element elementor-element-2b7b5a1 elementor-widget elementor-widget-text-editor\" data-id=\"2b7b5a1\" data-element_type=\"widget\" data-widget_type=\"text-editor.default\">\n\t\t\t\t<div class=\"elementor-widget-container\">\n\t\t\t\t\t\t\t\t\t<p>Coffret de 9 cookies<\/p>\t\t\t\t\t\t\t\t<\/div>\n\t\t\t\t<\/div>\n\t\t\t\t<\/div>\n\t\t<div class=\"elementor-element elementor-element-0ae11eb e-con-full e-flex e-con e-child\" data-id=\"0ae11eb\" data-element_type=\"container\">\n\t\t\t\t<div class=\"elementor-element elementor-element-562e454 elementor-widget elementor-widget-image\" data-id=\"562e454\" data-element_type=\"widget\" data-widget_type=\"image.default\">\n\t\t\t\t<div class=\"elementor-widget-container\">\n\t\t\t\t\t\t\t\t\t\t\t\t\t\t\t<img decoding=\"async\" width=\"740\" height=\"987\" src=\"https:\/\/cookinette.net\/wp-content\/uploads\/2025\/02\/photo_2-768x1024.jpeg\" class=\"attachment-large size-large wp-image-608\" alt=\"\" srcset=\"https:\/\/cookinette.net\/wp-content\/uploads\/2025\/02\/photo_2-768x1024.jpeg 768w, https:\/\/cookinette.net\/wp-content\/uploads\/2025\/02\/photo_2-225x300.jpeg 225w, https:\/\/cookinette.net\/wp-content\/uploads\/2025\/02\/photo_2-1152x1536.jpeg 1152w, https:\/\/cookinette.net\/wp-content\/uploads\/2025\/02\/photo_2-1536x2048.jpeg 1536w, https:\/\/cookinette.net\/wp-content\/uploads\/2025\/02\/photo_2-scaled.jpeg 1920w\" sizes=\"100vw\" \/>\t\t\t\t\t\t\t\t\t\t\t\t\t\t\t<\/div>\n\t\t\t\t<\/div>\n\t\t\t\t<div class=\"elementor-element elementor-element-4014885 elementor-widget elementor-widget-text-editor\" data-id=\"4014885\" data-element_type=\"widget\" data-widget_type=\"text-editor.default\">\n\t\t\t\t<div class=\"elementor-widget-container\">\n\t\t\t\t\t\t\t\t\t<p>Coffret de p\u00e2tisseries au choix<\/p>\t\t\t\t\t\t\t\t<\/div>\n\t\t\t\t<\/div>\n\t\t\t\t<\/div>\n\t\t<div class=\"elementor-element elementor-element-b02ab6c e-con-full e-flex e-con e-child\" data-id=\"b02ab6c\" data-element_type=\"container\">\n\t\t\t\t<\/div>\n\t\t\t\t\t<\/div>\n\t\t\t\t<\/div>\n\t\t<div class=\"elementor-element elementor-element-462f951 e-flex e-con-boxed e-con e-parent\" data-id=\"462f951\" data-element_type=\"container\">\n\t\t\t\t\t<div class=\"e-con-inner\">\n\t\t\t\t<div class=\"elementor-element elementor-element-7681ec4 elementor-align-center elementor-widget elementor-widget-button\" data-id=\"7681ec4\" data-element_type=\"widget\" data-widget_type=\"button.default\">\n\t\t\t\t<div class=\"elementor-widget-container\">\n\t\t\t\t\t\t\t\t\t<div class=\"elementor-button-wrapper\">\n\t\t\t\t\t<a class=\"elementor-button elementor-button-link elementor-size-sm\" href=\"https:\/\/cookinette.net\/?page_id=10\">\n\t\t\t\t\t\t<span class=\"elementor-button-content-wrapper\">\n\t\t\t\t\t\t\t\t\t<span class=\"elementor-button-text\">Demander un devis<\/span>\n\t\t\t\t\t<\/span>\n\t\t\t\t\t<\/a>\n\t\t\t\t<\/div>\n\t\t\t\t\t\t\t\t<\/div>\n\t\t\t\t<\/div>\n\t\t\t\t\t<\/div>\n\t\t\t\t<\/div>\n\t\t\t\t<\/div>\n\t\t","protected":false},"excerpt":{"rendered":"<p>Nos coffrets de mignardises sucr\u00e9s Composez votre coffret en choisissant les mignardises qui vous font plaisir.&nbsp;Nos coffrets sucr\u00e9s sont pr\u00e9vus pour 8 \u00e0 10 personnes. Coffrets sucr\u00e9s Coffret de 9 cookies Coffret de p\u00e2tisseries au choix Demander un devis<\/p>\n","protected":false},"author":1,"featured_media":0,"parent":0,"menu_order":0,"comment_status":"closed","ping_status":"closed","template":"","meta":{"footnotes":""},"class_list":["post-209","page","type-page","status-publish","hentry"],"yoast_head":"<!-- This site is optimized with the Yoast SEO plugin v24.0 - https:\/\/yoast.com\/wordpress\/plugins\/seo\/ -->\n<title>- Cookinette<\/title>\n<meta name=\"robots\" content=\"index, follow, max-snippet:-1, max-image-preview:large, max-video-preview:-1\" \/>\n<link rel=\"canonical\" href=\"https:\/\/cookinette.net\/?page_id=209\" \/>\n<meta property=\"og:locale\" content=\"en_US\" \/>\n<meta property=\"og:type\" content=\"article\" \/>\n<meta property=\"og:title\" content=\"- Cookinette\" \/>\n<meta property=\"og:description\" content=\"Nos coffrets de mignardises sucr\u00e9s Composez votre coffret en choisissant les mignardises qui vous font plaisir.&nbsp;Nos coffrets sucr\u00e9s sont pr\u00e9vus pour 8 \u00e0 10 personnes. Coffrets sucr\u00e9s Coffret de 9 cookies Coffret de p\u00e2tisseries au choix Demander un devis\" \/>\n<meta property=\"og:url\" content=\"https:\/\/cookinette.net\/?page_id=209\" \/>\n<meta property=\"og:site_name\" content=\"Cookinette\" \/>\n<meta property=\"article:modified_time\" content=\"2025-02-14T14:27:38+00:00\" \/>\n<meta property=\"og:image\" content=\"http:\/\/cookinette.net\/wp-content\/uploads\/2025\/01\/Coffret-sucre-1024x768.jpeg\" \/>\n<meta name=\"twitter:card\" content=\"summary_large_image\" \/>\n<meta name=\"twitter:label1\" content=\"Est. reading time\" \/>\n\t<meta name=\"twitter:data1\" content=\"1 minute\" \/>\n<script type=\"application\/ld+json\" class=\"yoast-schema-graph\">{\"@context\":\"https:\/\/schema.org\",\"@graph\":[{\"@type\":\"WebPage\",\"@id\":\"https:\/\/cookinette.net\/?page_id=209\",\"url\":\"https:\/\/cookinette.net\/?page_id=209\",\"name\":\"- Cookinette\",\"isPartOf\":{\"@id\":\"https:\/\/cookinette.net\/#website\"},\"primaryImageOfPage\":{\"@id\":\"https:\/\/cookinette.net\/?page_id=209#primaryimage\"},\"image\":{\"@id\":\"https:\/\/cookinette.net\/?page_id=209#primaryimage\"},\"thumbnailUrl\":\"http:\/\/cookinette.net\/wp-content\/uploads\/2025\/01\/Coffret-sucre-1024x768.jpeg\",\"datePublished\":\"2024-11-05T14:22:22+00:00\",\"dateModified\":\"2025-02-14T14:27:38+00:00\",\"inLanguage\":\"en-US\",\"potentialAction\":[{\"@type\":\"ReadAction\",\"target\":[\"https:\/\/cookinette.net\/?page_id=209\"]}]},{\"@type\":\"ImageObject\",\"inLanguage\":\"en-US\",\"@id\":\"https:\/\/cookinette.net\/?page_id=209#primaryimage\",\"url\":\"http:\/\/cookinette.net\/wp-content\/uploads\/2025\/01\/Coffret-sucre-1024x768.jpeg\",\"contentUrl\":\"http:\/\/cookinette.net\/wp-content\/uploads\/2025\/01\/Coffret-sucre-1024x768.jpeg\"},{\"@type\":\"WebSite\",\"@id\":\"https:\/\/cookinette.net\/#website\",\"url\":\"https:\/\/cookinette.net\/\",\"name\":\"Cookinette\",\"description\":\"P\u00e2tisseries sur mesure\",\"publisher\":{\"@id\":\"https:\/\/cookinette.net\/#organization\"},\"potentialAction\":[{\"@type\":\"SearchAction\",\"target\":{\"@type\":\"EntryPoint\",\"urlTemplate\":\"https:\/\/cookinette.net\/?s={search_term_string}\"},\"query-input\":{\"@type\":\"PropertyValueSpecification\",\"valueRequired\":true,\"valueName\":\"search_term_string\"}}],\"inLanguage\":\"en-US\"},{\"@type\":\"Organization\",\"@id\":\"https:\/\/cookinette.net\/#organization\",\"name\":\"Cookinette\",\"url\":\"https:\/\/cookinette.net\/\",\"logo\":{\"@type\":\"ImageObject\",\"inLanguage\":\"en-US\",\"@id\":\"https:\/\/cookinette.net\/#\/schema\/logo\/image\/\",\"url\":\"https:\/\/cookinette.net\/wp-content\/uploads\/2024\/11\/Logo-cookinette-final.png\",\"contentUrl\":\"https:\/\/cookinette.net\/wp-content\/uploads\/2024\/11\/Logo-cookinette-final.png\",\"width\":142,\"height\":142,\"caption\":\"Cookinette\"},\"image\":{\"@id\":\"https:\/\/cookinette.net\/#\/schema\/logo\/image\/\"},\"sameAs\":[\"https:\/\/www.instagram.com\/_cookinette_\/\"]}]}<\/script>\n<!-- \/ Yoast SEO plugin. -->","yoast_head_json":{"title":"- Cookinette","robots":{"index":"index","follow":"follow","max-snippet":"max-snippet:-1","max-image-preview":"max-image-preview:large","max-video-preview":"max-video-preview:-1"},"canonical":"https:\/\/cookinette.net\/?page_id=209","og_locale":"en_US","og_type":"article","og_title":"- Cookinette","og_description":"Nos coffrets de mignardises sucr\u00e9s Composez votre coffret en choisissant les mignardises qui vous font plaisir.&nbsp;Nos coffrets sucr\u00e9s sont pr\u00e9vus pour 8 \u00e0 10 personnes. Coffrets sucr\u00e9s Coffret de 9 cookies Coffret de p\u00e2tisseries au choix Demander un devis","og_url":"https:\/\/cookinette.net\/?page_id=209","og_site_name":"Cookinette","article_modified_time":"2025-02-14T14:27:38+00:00","og_image":[{"url":"http:\/\/cookinette.net\/wp-content\/uploads\/2025\/01\/Coffret-sucre-1024x768.jpeg","type":"","width":"","height":""}],"twitter_card":"summary_large_image","twitter_misc":{"Est. reading time":"1 minute"},"schema":{"@context":"https:\/\/schema.org","@graph":[{"@type":"WebPage","@id":"https:\/\/cookinette.net\/?page_id=209","url":"https:\/\/cookinette.net\/?page_id=209","name":"- Cookinette","isPartOf":{"@id":"https:\/\/cookinette.net\/#website"},"primaryImageOfPage":{"@id":"https:\/\/cookinette.net\/?page_id=209#primaryimage"},"image":{"@id":"https:\/\/cookinette.net\/?page_id=209#primaryimage"},"thumbnailUrl":"http:\/\/cookinette.net\/wp-content\/uploads\/2025\/01\/Coffret-sucre-1024x768.jpeg","datePublished":"2024-11-05T14:22:22+00:00","dateModified":"2025-02-14T14:27:38+00:00","inLanguage":"en-US","potentialAction":[{"@type":"ReadAction","target":["https:\/\/cookinette.net\/?page_id=209"]}]},{"@type":"ImageObject","inLanguage":"en-US","@id":"https:\/\/cookinette.net\/?page_id=209#primaryimage","url":"http:\/\/cookinette.net\/wp-content\/uploads\/2025\/01\/Coffret-sucre-1024x768.jpeg","contentUrl":"http:\/\/cookinette.net\/wp-content\/uploads\/2025\/01\/Coffret-sucre-1024x768.jpeg"},{"@type":"WebSite","@id":"https:\/\/cookinette.net\/#website","url":"https:\/\/cookinette.net\/","name":"Cookinette","description":"P\u00e2tisseries sur mesure","publisher":{"@id":"https:\/\/cookinette.net\/#organization"},"potentialAction":[{"@type":"SearchAction","target":{"@type":"EntryPoint","urlTemplate":"https:\/\/cookinette.net\/?s={search_term_string}"},"query-input":{"@type":"PropertyValueSpecification","valueRequired":true,"valueName":"search_term_string"}}],"inLanguage":"en-US"},{"@type":"Organization","@id":"https:\/\/cookinette.net\/#organization","name":"Cookinette","url":"https:\/\/cookinette.net\/","logo":{"@type":"ImageObject","inLanguage":"en-US","@id":"https:\/\/cookinette.net\/#\/schema\/logo\/image\/","url":"https:\/\/cookinette.net\/wp-content\/uploads\/2024\/11\/Logo-cookinette-final.png","contentUrl":"https:\/\/cookinette.net\/wp-content\/uploads\/2024\/11\/Logo-cookinette-final.png","width":142,"height":142,"caption":"Cookinette"},"image":{"@id":"https:\/\/cookinette.net\/#\/schema\/logo\/image\/"},"sameAs":["https:\/\/www.instagram.com\/_cookinette_\/"]}]}},"_links":{"self":[{"href":"https:\/\/cookinette.net\/index.php?rest_route=\/wp\/v2\/pages\/209","targetHints":{"allow":["GET"]}}],"collection":[{"href":"https:\/\/cookinette.net\/index.php?rest_route=\/wp\/v2\/pages"}],"about":[{"href":"https:\/\/cookinette.net\/index.php?rest_route=\/wp\/v2\/types\/page"}],"author":[{"embeddable":true,"href":"https:\/\/cookinette.net\/index.php?rest_route=\/wp\/v2\/users\/1"}],"replies":[{"embeddable":true,"href":"https:\/\/cookinette.net\/index.php?rest_route=%2Fwp%2Fv2%2Fcomments&post=209"}],"version-history":[{"count":48,"href":"https:\/\/cookinette.net\/index.php?rest_route=\/wp\/v2\/pages\/209\/revisions"}],"predecessor-version":[{"id":611,"href":"https:\/\/cookinette.net\/index.php?rest_route=\/wp\/v2\/pages\/209\/revisions\/611"}],"wp:attachment":[{"href":"https:\/\/cookinette.net\/index.php?rest_route=%2Fwp%2Fv2%2Fmedia&parent=209"}],"curies":[{"name":"wp","href":"https:\/\/api.w.org\/{rel}","templated":true}]}}